{"id":5266,"date":"2021-07-18T08:03:35","date_gmt":"2021-07-18T08:03:35","guid":{"rendered":"https:\/\/nuss.uxper.co\/luxury-resort\/?page_id=5266"},"modified":"2025-09-22T06:58:33","modified_gmt":"2025-09-22T06:58:33","slug":"a-propos-de-nous","status":"publish","type":"page","link":"https:\/\/etonhotelshanghai.com\/fr\/about-us\/","title":{"rendered":"\u00c0 propos de nous"},"content":{"rendered":"<div data-elementor-type=\"wp-page\" data-elementor-id=\"5266\" class=\"elementor elementor-5266\">\n\t\t\t\t\t\t<section class=\"elementor-section elementor-top-section elementor-element elementor-element-10416953 elementor-section-boxed elementor-section-gap-beside-yes elementor-section-height-default elementor-section-height-default elementor-section-column-vertical-align-stretch\" data-id=\"10416953\" data-element_type=\"section\" data-e-type=\"section\">\n\t\t\t\t\t\t<div class=\"elementor-container elementor-column-gap-extended\">\n\t\t\t\t\t<div class=\"elementor-column elementor-col-100 elementor-top-column elementor-element elementor-element-29c6aa8\" data-id=\"29c6aa8\" data-element_type=\"column\" data-e-type=\"column\">\n\t\t\t<div class=\"elementor-widget-wrap elementor-element-populated\">\n\t\t\t\t\t\t<div class=\"elementor-element elementor-element-7be18fe7 elementor-widget__width-initial elementor-invisible elementor-widget elementor-widget-text-editor\" data-id=\"7be18fe7\" data-element_type=\"widget\" data-e-type=\"widget\" data-settings=\"{&quot;_animation&quot;:&quot;nussFadeInUp&quot;}\" data-widget_type=\"text-editor.default\">\n\t\t\t\t\t\t\t\t\t<div class=\"svelte-1c06zsf\" data-lang-code=\"\"><p data-spm-anchor-id=\"a2ty_o01.29997173.0.i24.326ec921X6ADvz\">L&#039;Eton Hotel Shanghai\u00a0: o\u00f9 l&#039;\u00e9l\u00e9gance urbaine rencontre la s\u00e9r\u00e9nit\u00e9 du bord de l&#039;eau<\/p><\/div>\t\t\t\t\t\t\t\t<\/div>\n\t\t\t\t\t<\/div>\n\t\t<\/div>\n\t\t\t\t\t<\/div>\n\t\t<\/section>\n\t\t\t\t<section class=\"elementor-section elementor-top-section elementor-element elementor-element-7d18327f elementor-section-boxed elementor-section-gap-beside-yes elementor-section-height-default elementor-section-height-default elementor-section-column-vertical-align-stretch\" data-id=\"7d18327f\" data-element_type=\"section\" data-e-type=\"section\">\n\t\t\t\t\t\t<div class=\"elementor-container elementor-column-gap-extended\">\n\t\t\t\t\t<div class=\"elementor-column elementor-col-50 elementor-top-column elementor-element elementor-element-56533670\" data-id=\"56533670\" data-element_type=\"column\" data-e-type=\"column\">\n\t\t\t<div class=\"elementor-widget-wrap elementor-element-populated\">\n\t\t\t\t\t\t<div class=\"elementor-element elementor-element-19c3f543 elementor-invisible elementor-widget elementor-widget-text-editor\" data-id=\"19c3f543\" data-element_type=\"widget\" data-e-type=\"widget\" data-settings=\"{&quot;_animation&quot;:&quot;nussFadeInUp&quot;}\" data-widget_type=\"text-editor.default\">\n\t\t\t\t\t\t\t\t\t<p>Nich\u00e9 au c\u0153ur du quartier financier Lujiazui, merveille moderne de Shanghai, l&#039;Eton Hotel Shanghai red\u00e9finit l&#039;hospitalit\u00e9 de luxe avec une \u00e9l\u00e9gance discr\u00e8te, un service impeccable et une vue imprenable sur le fleuve Huangpu et l&#039;embl\u00e9matique skyline. Situ\u00e9 au 535 de l&#039;avenue Pudong, \u00e0 quelques minutes de la Perle de l&#039;Orient, de la tour Shanghai et du Bund, ce havre de paix 4,5 \u00e9toiles offre aux voyageurs exigeants un m\u00e9lange rare de tranquillit\u00e9 et d&#039;\u00e9nergie urbaine.<\/p>\t\t\t\t\t\t\t\t<\/div>\n\t\t\t\t\t<\/div>\n\t\t<\/div>\n\t\t\t\t<div class=\"elementor-column elementor-col-50 elementor-top-column elementor-element elementor-element-30f14127\" data-id=\"30f14127\" data-element_type=\"column\" data-e-type=\"column\">\n\t\t\t<div class=\"elementor-widget-wrap elementor-element-populated\">\n\t\t\t\t\t\t<div class=\"elementor-element elementor-element-59aea08 elementor-widget elementor-widget-image\" data-id=\"59aea08\" data-element_type=\"widget\" data-e-type=\"widget\" data-widget_type=\"image.default\">\n\t\t\t\t\t\t\t\t\t\t\t\t\t\t\t<img fetchpriority=\"high\" decoding=\"async\" width=\"491\" height=\"853\" src=\"https:\/\/etonhotelshanghai.com\/wp-content\/uploads\/2025\/09\/etonhotelshanghai-14.webp\" class=\"attachment-large size-large wp-image-6441\" alt=\"\" srcset=\"https:\/\/etonhotelshanghai.com\/wp-content\/uploads\/2025\/09\/etonhotelshanghai-14.webp 491w, https:\/\/etonhotelshanghai.com\/wp-content\/uploads\/2025\/09\/etonhotelshanghai-14-173x300.webp 173w, https:\/\/etonhotelshanghai.com\/wp-content\/uploads\/2025\/09\/etonhotelshanghai-14-7x12.webp 7w\" sizes=\"(max-width: 491px) 100vw, 491px\" \/>\t\t\t\t\t\t\t\t\t\t\t\t\t\t\t<\/div>\n\t\t\t\t\t<\/div>\n\t\t<\/div>\n\t\t\t\t\t<\/div>\n\t\t<\/section>\n\t\t\t\t<section class=\"elementor-section elementor-top-section elementor-element elementor-element-29fb8578 elementor-section-height-min-height elementor-section-stretched elementor-section-full_width elementor-section-items-stretch elementor-section-height-default elementor-section-column-vertical-align-stretch\" data-id=\"29fb8578\" data-element_type=\"section\" data-e-type=\"section\" data-settings=\"{&quot;stretch_section&quot;:&quot;section-stretched&quot;}\">\n\t\t\t\t\t\t<div class=\"elementor-container elementor-column-gap-no\">\n\t\t\t\t\t<div class=\"elementor-column elementor-col-50 elementor-top-column elementor-element elementor-element-40ac270b\" data-id=\"40ac270b\" data-element_type=\"column\" data-e-type=\"column\">\n\t\t\t<div class=\"elementor-widget-wrap elementor-element-populated\">\n\t\t\t\t\t\t<div class=\"elementor-element elementor-element-20872773 elementor-widget__width-initial elementor-widget-mobile__width-inherit elementor-invisible nuss-elementor-loading nuss-slide-in-right elementor-widget elementor-widget-image\" data-id=\"20872773\" data-element_type=\"widget\" data-e-type=\"widget\" data-settings=\"{&quot;_animation&quot;:&quot;nussSlideInRight&quot;}\" data-widget_type=\"image.default\">\n\t\t\t\t\t\t\t\t\t\t\t\t\t\t\t<img decoding=\"async\" width=\"1280\" height=\"853\" src=\"https:\/\/etonhotelshanghai.com\/wp-content\/uploads\/2025\/09\/etonhotelshanghai-9.webp\" class=\"attachment-full size-full wp-image-6436\" alt=\"\" srcset=\"https:\/\/etonhotelshanghai.com\/wp-content\/uploads\/2025\/09\/etonhotelshanghai-9.webp 1280w, https:\/\/etonhotelshanghai.com\/wp-content\/uploads\/2025\/09\/etonhotelshanghai-9-300x200.webp 300w, https:\/\/etonhotelshanghai.com\/wp-content\/uploads\/2025\/09\/etonhotelshanghai-9-1024x682.webp 1024w, https:\/\/etonhotelshanghai.com\/wp-content\/uploads\/2025\/09\/etonhotelshanghai-9-768x512.webp 768w, https:\/\/etonhotelshanghai.com\/wp-content\/uploads\/2025\/09\/etonhotelshanghai-9-18x12.webp 18w\" sizes=\"(max-width: 1280px) 100vw, 1280px\" \/>\t\t\t\t\t\t\t\t\t\t\t\t\t\t\t<\/div>\n\t\t\t\t\t<\/div>\n\t\t<\/div>\n\t\t\t\t<div class=\"elementor-column elementor-col-50 elementor-top-column elementor-element elementor-element-2dac103\" data-id=\"2dac103\" data-element_type=\"column\" data-e-type=\"column\">\n\t\t\t<div class=\"elementor-widget-wrap elementor-element-populated\">\n\t\t\t\t\t\t<div class=\"elementor-element elementor-element-6f1b8966 elementor-invisible elementor-widget elementor-widget-text-editor\" data-id=\"6f1b8966\" data-element_type=\"widget\" data-e-type=\"widget\" data-settings=\"{&quot;_animation&quot;:&quot;nussFadeInUp&quot;}\" data-widget_type=\"text-editor.default\">\n\t\t\t\t\t\t\t\t\t<p data-spm-anchor-id=\"a2ty_o01.29997173.0.i25.326ec921X6ADvz\">Con\u00e7u pour ceux qui recherchent plus qu&#039;un simple endroit o\u00f9 dormir, l&#039;Eton Hotel Shanghai allie esth\u00e9tique asiatique contemporaine et confort haut de gamme\u00a0: literie moelleuse, baies vitr\u00e9es, technologie de pointe et int\u00e9rieurs insonoris\u00e9s vous garantissent des nuits reposantes au c\u0153ur de l&#039;effervescence de la ville. Savourez une cuisine d&#039;inspiration Michelin dans notre restaurant au bord de l&#039;eau, ressourcez-vous avec un soin spa signature ou d\u00e9tendez-vous dans la paisible piscine int\u00e9rieure, le tout pr\u00e9par\u00e9 avec une attention m\u00e9ticuleuse aux d\u00e9tails. Que vous soyez en voyage d&#039;affaires, de loisirs ou pour une escapade romantique, notre service de conciergerie personnalis\u00e9 anticipe tous vos besoins, des transferts a\u00e9roport aux excursions culturelles sur mesure. L&#039;Eton Hotel, l&#039;une des escapades de luxe les plus intimes de Shanghai, est bien plus qu&#039;un simple h\u00f4tel\u00a0: c&#039;est une exp\u00e9rience, un refuge et une destination \u00e0 part enti\u00e8re. R\u00e9servez votre s\u00e9jour d\u00e8s aujourd&#039;hui et d\u00e9couvrez pourquoi les voyageurs reviennent sans cesse dans ce joyau cach\u00e9 au c\u0153ur de la m\u00e9tropole la plus dynamique de Chine.<\/p><div class=\"my-2\">\u00a0<\/div><p><em>Id\u00e9al pour\u00a0: les voyageurs d&#039;affaires, les couples, les amateurs de luxe et les touristes explorant les sites embl\u00e9matiques de Shanghai. M\u00e9tro le plus proche\u00a0: Ligne\u00a02, station Lujiazui. \u00c0 15\u00a0minutes de l&#039;a\u00e9roport international de Pudong.<\/em><\/p>\t\t\t\t\t\t\t\t<\/div>\n\t\t\t\t\t<\/div>\n\t\t<\/div>\n\t\t\t\t\t<\/div>\n\t\t<\/section>\n\t\t\t\t<section class=\"elementor-section elementor-top-section elementor-element elementor-element-2092b7d0 elementor-section-stretched elementor-section-boxed elementor-section-gap-beside-yes elementor-section-height-default elementor-section-height-default elementor-section-column-vertical-align-stretch\" data-id=\"2092b7d0\" data-element_type=\"section\" data-e-type=\"section\" data-settings=\"{&quot;background_background&quot;:&quot;classic&quot;,&quot;stretch_section&quot;:&quot;section-stretched&quot;}\">\n\t\t\t\t\t\t<div class=\"elementor-container elementor-column-gap-extended\">\n\t\t\t\t\t<div class=\"elementor-column elementor-col-100 elementor-top-column elementor-element elementor-element-be69d75\" data-id=\"be69d75\" data-element_type=\"column\" data-e-type=\"column\">\n\t\t\t<div class=\"elementor-widget-wrap elementor-element-populated\">\n\t\t\t\t\t\t<div class=\"elementor-element elementor-element-320c022 elementor-widget elementor-widget-nuss-heading\" data-id=\"320c022\" data-element_type=\"widget\" data-e-type=\"widget\" data-widget_type=\"nuss-heading.default\">\n\t\t\t\t<div class=\"elementor-widget-container\">\n\t\t\t\t\t\t\t<div class=\"nuss-modern-heading\">\r\n\t\t\t\t\t\t<div class=\"heading-secondary-wrap\">\r\n\t\t\t\t<h3 class=\"heading-secondary elementor-heading-title\">Ch\u00e8que disponible <\/h3>\t\t\t<\/div>\r\n\t\t\r\n\t\t\t\r\n\t\t\t\r\n\t\t\t\t\t<\/div>\r\n\t\t\t\t\t<\/div>\n\t\t\t\t<\/div>\n\t\t\t\t<div class=\"elementor-element elementor-element-cafba93 elementor-widget elementor-widget-text-editor\" data-id=\"cafba93\" data-element_type=\"widget\" data-e-type=\"widget\" data-widget_type=\"text-editor.default\">\n\t\t\t\t\t\t\t\t\t<iframe border=\"0\" src=\"https:\/\/www.trip.com\/partners\/ad\/S5506622?Allianceid=4590391&#038;SID=261329356&#038;trip_sub1=\" style=\"width:900px;height:200px\" frameborder=\"0\" scrolling=\"no\" id=\"S5506622\"><\/iframe>\t\t\t\t\t\t\t\t<\/div>\n\t\t\t\t\t<\/div>\n\t\t<\/div>\n\t\t\t\t\t<\/div>\n\t\t<\/section>\n\t\t\t\t<\/div>","protected":false},"excerpt":{"rendered":"<p>The Eton Hotel Shanghai: Where Urban Elegance Meets Riverside Serenity Nestled in the pulsating heart of Shanghai\u2019s modern marvel\u2014Pudong\u2019s Lujiazui financial district\u2014The Eton Hotel Shanghai redefines luxury hospitality with understated elegance, impeccable service, and breathtaking views of the Huangpu River and the iconic skyline. Located at No. 535 Pudong Avenue, just minutes from the Oriental [&hellip;]<\/p>\n","protected":false},"author":1,"featured_media":0,"parent":0,"menu_order":0,"comment_status":"closed","ping_status":"closed","template":"","meta":{"footnotes":""},"class_list":["post-5266","page","type-page","status-publish","hentry","post-no-thumbnail"],"_links":{"self":[{"href":"https:\/\/etonhotelshanghai.com\/fr\/wp-json\/wp\/v2\/pages\/5266","targetHints":{"allow":["GET"]}}],"collection":[{"href":"https:\/\/etonhotelshanghai.com\/fr\/wp-json\/wp\/v2\/pages"}],"about":[{"href":"https:\/\/etonhotelshanghai.com\/fr\/wp-json\/wp\/v2\/types\/page"}],"author":[{"embeddable":true,"href":"https:\/\/etonhotelshanghai.com\/fr\/wp-json\/wp\/v2\/users\/1"}],"replies":[{"embeddable":true,"href":"https:\/\/etonhotelshanghai.com\/fr\/wp-json\/wp\/v2\/comments?post=5266"}],"version-history":[{"count":0,"href":"https:\/\/etonhotelshanghai.com\/fr\/wp-json\/wp\/v2\/pages\/5266\/revisions"}],"wp:attachment":[{"href":"https:\/\/etonhotelshanghai.com\/fr\/wp-json\/wp\/v2\/media?parent=5266"}],"curies":[{"name":"wp","href":"https:\/\/api.w.org\/{rel}","templated":true}]}}