{"id":2106,"date":"2021-03-25T04:08:26","date_gmt":"2021-03-25T04:08:26","guid":{"rendered":"http:\/\/localhost\/nuss\/?page_id=298"},"modified":"2025-09-22T07:10:32","modified_gmt":"2025-09-22T07:10:32","slug":"experiences","status":"publish","type":"page","link":"https:\/\/etonhotelshanghai.com\/fr\/experiences\/","title":{"rendered":"Exp\u00e9riences et avis clients"},"content":{"rendered":"<div data-elementor-type=\"wp-page\" data-elementor-id=\"2106\" class=\"elementor elementor-2106\">\n\t\t\t\t\t\t<section class=\"elementor-section elementor-top-section elementor-element elementor-element-1954ffc elementor-section-boxed elementor-section-gap-beside-yes elementor-section-height-default elementor-section-height-default elementor-section-column-vertical-align-stretch\" data-id=\"1954ffc\" data-element_type=\"section\" data-e-type=\"section\">\n\t\t\t\t\t\t<div class=\"elementor-container elementor-column-gap-extended\">\n\t\t\t\t\t<div class=\"elementor-column elementor-col-100 elementor-top-column elementor-element elementor-element-86aebc5\" data-id=\"86aebc5\" data-element_type=\"column\" data-e-type=\"column\">\n\t\t\t<div class=\"elementor-widget-wrap elementor-element-populated\">\n\t\t\t\t\t\t<div class=\"elementor-element elementor-element-11803d1 elementor-widget__width-initial elementor-invisible elementor-widget elementor-widget-text-editor\" data-id=\"11803d1\" data-element_type=\"widget\" data-e-type=\"widget\" data-settings=\"{&quot;_animation&quot;:&quot;nussFadeInUp&quot;}\" data-widget_type=\"text-editor.default\">\n\t\t\t\t\t\t\t\t\t<p data-spm-anchor-id=\"a2ty_o01.29997173.0.i32.326ec921X6ADvz\">D\u00e9couvrez pourquoi les voyageurs du monde entier classent r\u00e9guli\u00e8rement l&#039;Eton Hotel Shanghai parmi les meilleurs h\u00f4tels-boutiques de Pudong, o\u00f9 le luxe n&#039;est pas seulement promis, mais profond\u00e9ment ressenti. Nich\u00e9 au 535 Pudong Avenue, ce havre de paix 4,5 \u00e9toiles a \u00e9t\u00e9 salu\u00e9 par TripAdvisor et Trip.com pour son m\u00e9lange incomparable de sophistication discr\u00e8te, de service personnalis\u00e9 et de vues imprenables sur le fleuve.<\/p>\t\t\t\t\t\t\t\t<\/div>\n\t\t\t\t\t<\/div>\n\t\t<\/div>\n\t\t\t\t\t<\/div>\n\t\t<\/section>\n\t\t<div class=\"elementor-element elementor-element-3e39171 e-flex e-con-boxed e-con e-parent\" data-id=\"3e39171\" data-element_type=\"container\" data-e-type=\"container\">\n\t\t\t\t\t<div class=\"e-con-inner\">\n\t\t\t\t<div class=\"elementor-element elementor-element-7761d0c elementor-widget elementor-widget-text-editor\" data-id=\"7761d0c\" data-element_type=\"widget\" data-e-type=\"widget\" data-widget_type=\"text-editor.default\">\n\t\t\t\t\t\t\t\t\t<p data-spm-anchor-id=\"a2ty_o01.29997173.0.i34.326ec921X6ADvz\">Sur <strong>TripAdvisor<\/strong>Les clients attribuent r\u00e9guli\u00e8rement \u00e0 l&#039;Eton Hotel Shanghai la note exceptionnelle de 4,7\/5, avec plus de 1\u00a0200 avis v\u00e9rifi\u00e9s vantant son \u00ab\u00a0service discret mais impeccable\u00a0\u00bb et son \u00ab\u00a0h\u00f4tel o\u00f9 l&#039;on se sent comme \u00e0 la maison\u00a0\u00bb. Un client britannique s&#039;extasie\u00a0: <em>J&#039;ai s\u00e9journ\u00e9 dans plus de 50 h\u00f4tels en Asie, mais aucun n&#039;\u00e9galait l&#039;attention port\u00e9e aux d\u00e9tails ici. Le personnel se souvenait de mon nom, de mon caf\u00e9 pr\u00e9f\u00e9r\u00e9 et m&#039;a m\u00eame apport\u00e9 une serviette chaude apr\u00e8s un long vol\u00a0: un vrai r\u00e9gal.<\/em> Un autre voyageur allemand souligne : <em>\u00ab Je me suis r\u00e9veill\u00e9 depuis mon balcon avec le fleuve Huangpu scintillant au lever du soleil. Le silence dans ma chambre, malgr\u00e9 l&#039;effervescence de Pudong, \u00e9tait tout simplement miraculeux. \u00bb<\/em><\/p><div class=\"my-2\">\u00a0<\/div><p>Sur <strong>Trip.com<\/strong>, o\u00f9 plus de 95% de clients laissent des notes 5 \u00e9toiles, les visiteurs saluent syst\u00e9matiquement \u00ab\u00a0l&#039;enregistrement sans effort\u00a0\u00bb, \u00ab\u00a0les lits ultra-confortables\u00a0\u00bb et \u00ab\u00a0le restaurant qui surpasse de nombreux restaurants gastronomiques ind\u00e9pendants\u00a0\u00bb. Un voyageur d&#039;affaires de Singapour \u00e9crit\u00a0: <em>J&#039;ai accueilli toute mon \u00e9quipe Asie-Pacifique ici. La salle de r\u00e9union \u00e9tait impeccable, le petit-d\u00e9jeuner gastronomique, et le concierge a organis\u00e9 une visite priv\u00e9e en pousse-pousse le long du Bund\u00a0; nos clients en parlent encore\u00a0!<\/em> Pendant ce temps, les jeunes mari\u00e9s d&#039;Australie d\u00e9crivent leur s\u00e9jour comme <em>\u00ab Le parfait m\u00e9lange de romantisme et de raffinement\u00a0: lumi\u00e8re tamis\u00e9e, p\u00e9tales de rose sur le lit et une bouteille de champagne offerte au cr\u00e9puscule. Nous avons pleur\u00e9 au moment du d\u00e9part. \u00bb<\/em><\/p><div class=\"my-2\">\u00a0<\/div><p>Ce qui distingue The Eton, ce n&#039;est pas seulement son emplacement \u2013 \u00e0 deux pas des gratte-ciel de Lujiazui et \u00e0 5 minutes \u00e0 pied de la station de m\u00e9tro Lujiazui \u2013 mais son \u00e2me. Contrairement aux cha\u00eenes h\u00f4teli\u00e8res qui misent sur l&#039;automatisation, The Eton privil\u00e9gie le contact humain\u00a0: le personnel vous accueille par votre nom, le personnel d&#039;entretien vous laisse un petit mot manuscrit et les chefs adaptent les plats \u00e0 vos besoins nutritionnels avant m\u00eame que vous ne le demandiez. L&#039;engagement de l&#039;h\u00f4tel en faveur du d\u00e9veloppement durable \u2013 bouteilles en verre r\u00e9utilisables, \u00e9quipements \u00e9co-responsables et z\u00e9ro plastique \u00e0 usage unique \u2013 a \u00e9galement \u00e9t\u00e9 salu\u00e9 par les voyageurs soucieux de leur bien-\u00eatre et en qu\u00eate d&#039;un luxe responsable.<\/p><div class=\"my-2\">\u00a0<\/div><p>Que vous soyez un voyageur d&#039;affaires solitaire en qu\u00eate de s\u00e9r\u00e9nit\u00e9 entre deux r\u00e9unions, un couple c\u00e9l\u00e9brant un \u00e9v\u00e9nement marquant ou une famille explorant les merveilles de Shanghai, l&#039;Eton Hotel vous offre une exp\u00e9rience inoubliable. Avec des avis clients r\u00e9guli\u00e8rement tr\u00e8s bien not\u00e9s sur TripAdvisor et Trip.com, il n&#039;est pas surprenant que plus de 68% de clients reviennent ou le recommandent \u00e0 leurs amis. Ne r\u00e9servez pas seulement un h\u00f4tel. R\u00e9servez un souvenir. R\u00e9servez l&#039;Eton Hotel Shanghai, o\u00f9 chaque d\u00e9tail respire l&#039;excellence et o\u00f9 chaque client repart non seulement satisfait\u2026 mais transform\u00e9.<\/p><div class=\"my-2\">\u00a0<\/div><p data-spm-anchor-id=\"a2ty_o01.29997173.0.i35.326ec921X6ADvz\"><em># The Eton Hotel Shanghai #Best Boutique Hotel Shanghai #TripAdvisorTopRated #Tripcom5 StarHotel #PudongLuxuryStay #Shanghai Business Hotel #RomanticGetawayShanghai #TravelerApproved #ShanghaiHotelWithViews<\/em><\/p>\t\t\t\t\t\t\t\t<\/div>\n\t\t\t\t\t<\/div>\n\t\t\t\t<\/div>\n\t\t\t\t<section class=\"elementor-section elementor-top-section elementor-element elementor-element-58e3a40e elementor-section-stretched elementor-section-boxed elementor-section-gap-beside-yes elementor-section-height-default elementor-section-height-default elementor-section-column-vertical-align-stretch\" data-id=\"58e3a40e\" data-element_type=\"section\" data-e-type=\"section\" data-settings=\"{&quot;background_background&quot;:&quot;classic&quot;,&quot;stretch_section&quot;:&quot;section-stretched&quot;}\">\n\t\t\t\t\t\t<div class=\"elementor-container elementor-column-gap-extended\">\n\t\t\t\t\t<div class=\"elementor-column elementor-col-100 elementor-top-column elementor-element elementor-element-34ed30bd\" data-id=\"34ed30bd\" data-element_type=\"column\" data-e-type=\"column\">\n\t\t\t<div class=\"elementor-widget-wrap elementor-element-populated\">\n\t\t\t\t\t\t<div class=\"elementor-element elementor-element-779cbba elementor-widget elementor-widget-nuss-heading\" data-id=\"779cbba\" data-element_type=\"widget\" data-e-type=\"widget\" data-widget_type=\"nuss-heading.default\">\n\t\t\t\t<div class=\"elementor-widget-container\">\n\t\t\t\t\t\t\t<div class=\"nuss-modern-heading\">\r\n\t\t\t\t\t\t<div class=\"heading-secondary-wrap\">\r\n\t\t\t\t<h3 class=\"heading-secondary elementor-heading-title\">Ch\u00e8que disponible <\/h3>\t\t\t<\/div>\r\n\t\t\r\n\t\t\t\r\n\t\t\t\r\n\t\t\t\t\t<\/div>\r\n\t\t\t\t\t<\/div>\n\t\t\t\t<\/div>\n\t\t\t\t<div class=\"elementor-element elementor-element-65e726c0 elementor-widget elementor-widget-text-editor\" data-id=\"65e726c0\" data-element_type=\"widget\" data-e-type=\"widget\" data-widget_type=\"text-editor.default\">\n\t\t\t\t\t\t\t\t\t<iframe border=\"0\" src=\"https:\/\/www.trip.com\/partners\/ad\/S5506622?Allianceid=4590391&#038;SID=261329356&#038;trip_sub1=\" style=\"width:900px;height:200px\" frameborder=\"0\" scrolling=\"no\" id=\"S5506622\"><\/iframe>\t\t\t\t\t\t\t\t<\/div>\n\t\t\t\t\t<\/div>\n\t\t<\/div>\n\t\t\t\t\t<\/div>\n\t\t<\/section>\n\t\t\t\t<\/div>","protected":false},"excerpt":{"rendered":"<p>Discover why travelers from around the globe consistently rank The Eton Hotel Shanghai among the top boutique hotels in Pudong\u2014where luxury isn\u2019t just promised, it\u2019s profoundly felt. Nestled at No. 535 Pudong Avenue, this intimate 4.5-star sanctuary has earned glowing acclaim across TripAdvisor and Trip.com for its unmatched blend of quiet sophistication, personalized service, and [&hellip;]<\/p>\n","protected":false},"author":1,"featured_media":0,"parent":0,"menu_order":0,"comment_status":"closed","ping_status":"closed","template":"","meta":{"footnotes":""},"class_list":["post-2106","page","type-page","status-publish","hentry","post-no-thumbnail"],"_links":{"self":[{"href":"https:\/\/etonhotelshanghai.com\/fr\/wp-json\/wp\/v2\/pages\/2106","targetHints":{"allow":["GET"]}}],"collection":[{"href":"https:\/\/etonhotelshanghai.com\/fr\/wp-json\/wp\/v2\/pages"}],"about":[{"href":"https:\/\/etonhotelshanghai.com\/fr\/wp-json\/wp\/v2\/types\/page"}],"author":[{"embeddable":true,"href":"https:\/\/etonhotelshanghai.com\/fr\/wp-json\/wp\/v2\/users\/1"}],"replies":[{"embeddable":true,"href":"https:\/\/etonhotelshanghai.com\/fr\/wp-json\/wp\/v2\/comments?post=2106"}],"version-history":[{"count":0,"href":"https:\/\/etonhotelshanghai.com\/fr\/wp-json\/wp\/v2\/pages\/2106\/revisions"}],"wp:attachment":[{"href":"https:\/\/etonhotelshanghai.com\/fr\/wp-json\/wp\/v2\/media?parent=2106"}],"curies":[{"name":"wp","href":"https:\/\/api.w.org\/{rel}","templated":true}]}}