{"id":5266,"date":"2021-07-18T08:03:35","date_gmt":"2021-07-18T08:03:35","guid":{"rendered":"https:\/\/nuss.uxper.co\/luxury-resort\/?page_id=5266"},"modified":"2025-09-22T06:58:33","modified_gmt":"2025-09-22T06:58:33","slug":"sobre-nosotros","status":"publish","type":"page","link":"https:\/\/etonhotelshanghai.com\/es\/about-us\/","title":{"rendered":"Sobre nosotros"},"content":{"rendered":"<div data-elementor-type=\"wp-page\" data-elementor-id=\"5266\" class=\"elementor elementor-5266\">\n\t\t\t\t\t\t<section class=\"elementor-section elementor-top-section elementor-element elementor-element-10416953 elementor-section-boxed elementor-section-gap-beside-yes elementor-section-height-default elementor-section-height-default elementor-section-column-vertical-align-stretch\" data-id=\"10416953\" data-element_type=\"section\" data-e-type=\"section\">\n\t\t\t\t\t\t<div class=\"elementor-container elementor-column-gap-extended\">\n\t\t\t\t\t<div class=\"elementor-column elementor-col-100 elementor-top-column elementor-element elementor-element-29c6aa8\" data-id=\"29c6aa8\" data-element_type=\"column\" data-e-type=\"column\">\n\t\t\t<div class=\"elementor-widget-wrap elementor-element-populated\">\n\t\t\t\t\t\t<div class=\"elementor-element elementor-element-7be18fe7 elementor-widget__width-initial elementor-invisible elementor-widget elementor-widget-text-editor\" data-id=\"7be18fe7\" data-element_type=\"widget\" data-e-type=\"widget\" data-settings=\"{&quot;_animation&quot;:&quot;nussFadeInUp&quot;}\" data-widget_type=\"text-editor.default\">\n\t\t\t\t\t\t\t\t\t<div class=\"svelte-1c06zsf\" data-lang-code=\"\"><p data-spm-anchor-id=\"a2ty_o01.29997173.0.i24.326ec921X6ADvz\">El Hotel Eton de Shangh\u00e1i: donde la elegancia urbana se fusiona con la serenidad ribere\u00f1a<\/p><\/div>\t\t\t\t\t\t\t\t<\/div>\n\t\t\t\t\t<\/div>\n\t\t<\/div>\n\t\t\t\t\t<\/div>\n\t\t<\/section>\n\t\t\t\t<section class=\"elementor-section elementor-top-section elementor-element elementor-element-7d18327f elementor-section-boxed elementor-section-gap-beside-yes elementor-section-height-default elementor-section-height-default elementor-section-column-vertical-align-stretch\" data-id=\"7d18327f\" data-element_type=\"section\" data-e-type=\"section\">\n\t\t\t\t\t\t<div class=\"elementor-container elementor-column-gap-extended\">\n\t\t\t\t\t<div class=\"elementor-column elementor-col-50 elementor-top-column elementor-element elementor-element-56533670\" data-id=\"56533670\" data-element_type=\"column\" data-e-type=\"column\">\n\t\t\t<div class=\"elementor-widget-wrap elementor-element-populated\">\n\t\t\t\t\t\t<div class=\"elementor-element elementor-element-19c3f543 elementor-invisible elementor-widget elementor-widget-text-editor\" data-id=\"19c3f543\" data-element_type=\"widget\" data-e-type=\"widget\" data-settings=\"{&quot;_animation&quot;:&quot;nussFadeInUp&quot;}\" data-widget_type=\"text-editor.default\">\n\t\t\t\t\t\t\t\t\t<p>Ubicado en el vibrante coraz\u00f3n de la maravilla moderna de Shangh\u00e1i, el distrito financiero Lujiazui de Pudong, el Eton Hotel Shanghai redefine la hospitalidad de lujo con una elegancia discreta, un servicio impecable y vistas impresionantes del r\u00edo Huangpu y el ic\u00f3nico horizonte. Ubicado en el n.\u00b0 535 de la avenida Pudong, a pocos minutos de la Torre de la Perla Oriental, la Torre de Shangh\u00e1i y el Bund, este santuario boutique de 4,5 estrellas ofrece a los viajeros m\u00e1s exigentes una singular combinaci\u00f3n de tranquilidad y energ\u00eda urbana.<\/p>\t\t\t\t\t\t\t\t<\/div>\n\t\t\t\t\t<\/div>\n\t\t<\/div>\n\t\t\t\t<div class=\"elementor-column elementor-col-50 elementor-top-column elementor-element elementor-element-30f14127\" data-id=\"30f14127\" data-element_type=\"column\" data-e-type=\"column\">\n\t\t\t<div class=\"elementor-widget-wrap elementor-element-populated\">\n\t\t\t\t\t\t<div class=\"elementor-element elementor-element-59aea08 elementor-widget elementor-widget-image\" data-id=\"59aea08\" data-element_type=\"widget\" data-e-type=\"widget\" data-widget_type=\"image.default\">\n\t\t\t\t\t\t\t\t\t\t\t\t\t\t\t<img fetchpriority=\"high\" decoding=\"async\" width=\"491\" height=\"853\" src=\"https:\/\/etonhotelshanghai.com\/wp-content\/uploads\/2025\/09\/etonhotelshanghai-14.webp\" class=\"attachment-large size-large wp-image-6441\" alt=\"\" srcset=\"https:\/\/etonhotelshanghai.com\/wp-content\/uploads\/2025\/09\/etonhotelshanghai-14.webp 491w, https:\/\/etonhotelshanghai.com\/wp-content\/uploads\/2025\/09\/etonhotelshanghai-14-173x300.webp 173w, https:\/\/etonhotelshanghai.com\/wp-content\/uploads\/2025\/09\/etonhotelshanghai-14-7x12.webp 7w\" sizes=\"(max-width: 491px) 100vw, 491px\" \/>\t\t\t\t\t\t\t\t\t\t\t\t\t\t\t<\/div>\n\t\t\t\t\t<\/div>\n\t\t<\/div>\n\t\t\t\t\t<\/div>\n\t\t<\/section>\n\t\t\t\t<section class=\"elementor-section elementor-top-section elementor-element elementor-element-29fb8578 elementor-section-height-min-height elementor-section-stretched elementor-section-full_width elementor-section-items-stretch elementor-section-height-default elementor-section-column-vertical-align-stretch\" data-id=\"29fb8578\" data-element_type=\"section\" data-e-type=\"section\" data-settings=\"{&quot;stretch_section&quot;:&quot;section-stretched&quot;}\">\n\t\t\t\t\t\t<div class=\"elementor-container elementor-column-gap-no\">\n\t\t\t\t\t<div class=\"elementor-column elementor-col-50 elementor-top-column elementor-element elementor-element-40ac270b\" data-id=\"40ac270b\" data-element_type=\"column\" data-e-type=\"column\">\n\t\t\t<div class=\"elementor-widget-wrap elementor-element-populated\">\n\t\t\t\t\t\t<div class=\"elementor-element elementor-element-20872773 elementor-widget__width-initial elementor-widget-mobile__width-inherit elementor-invisible nuss-elementor-loading nuss-slide-in-right elementor-widget elementor-widget-image\" data-id=\"20872773\" data-element_type=\"widget\" data-e-type=\"widget\" data-settings=\"{&quot;_animation&quot;:&quot;nussSlideInRight&quot;}\" data-widget_type=\"image.default\">\n\t\t\t\t\t\t\t\t\t\t\t\t\t\t\t<img decoding=\"async\" width=\"1280\" height=\"853\" src=\"https:\/\/etonhotelshanghai.com\/wp-content\/uploads\/2025\/09\/etonhotelshanghai-9.webp\" class=\"attachment-full size-full wp-image-6436\" alt=\"\" srcset=\"https:\/\/etonhotelshanghai.com\/wp-content\/uploads\/2025\/09\/etonhotelshanghai-9.webp 1280w, https:\/\/etonhotelshanghai.com\/wp-content\/uploads\/2025\/09\/etonhotelshanghai-9-300x200.webp 300w, https:\/\/etonhotelshanghai.com\/wp-content\/uploads\/2025\/09\/etonhotelshanghai-9-1024x682.webp 1024w, https:\/\/etonhotelshanghai.com\/wp-content\/uploads\/2025\/09\/etonhotelshanghai-9-768x512.webp 768w, https:\/\/etonhotelshanghai.com\/wp-content\/uploads\/2025\/09\/etonhotelshanghai-9-18x12.webp 18w\" sizes=\"(max-width: 1280px) 100vw, 1280px\" \/>\t\t\t\t\t\t\t\t\t\t\t\t\t\t\t<\/div>\n\t\t\t\t\t<\/div>\n\t\t<\/div>\n\t\t\t\t<div class=\"elementor-column elementor-col-50 elementor-top-column elementor-element elementor-element-2dac103\" data-id=\"2dac103\" data-element_type=\"column\" data-e-type=\"column\">\n\t\t\t<div class=\"elementor-widget-wrap elementor-element-populated\">\n\t\t\t\t\t\t<div class=\"elementor-element elementor-element-6f1b8966 elementor-invisible elementor-widget elementor-widget-text-editor\" data-id=\"6f1b8966\" data-element_type=\"widget\" data-e-type=\"widget\" data-settings=\"{&quot;_animation&quot;:&quot;nussFadeInUp&quot;}\" data-widget_type=\"text-editor.default\">\n\t\t\t\t\t\t\t\t\t<p data-spm-anchor-id=\"a2ty_o01.29997173.0.i25.326ec921X6ADvz\">Dise\u00f1ado para quienes buscan m\u00e1s que un simple lugar para dormir, The Eton Hotel Shanghai combina la est\u00e9tica asi\u00e1tica contempor\u00e1nea con un confort de primera clase: lujosa ropa de cama, ventanales, tecnolog\u00eda inteligente en las habitaciones e interiores insonorizados garantizan noches de descanso en el vibrante ritmo de la ciudad. Del\u00e9itese con la cocina de inspiraci\u00f3n Michelin en nuestro restaurante junto al r\u00edo, rejuvenezca con un tratamiento de spa exclusivo o rel\u00e1jese en la serena piscina cubierta, todo ello preparado con meticulosa atenci\u00f3n al detalle. Ya sea que viaje por negocios, placer o una escapada rom\u00e1ntica, nuestro servicio de conserjer\u00eda personalizado se anticipa a todas sus necesidades, desde traslados al aeropuerto hasta excursiones culturales personalizadas. Como una de las escapadas de lujo m\u00e1s \u00edntimas de Shangh\u00e1i, The Eton Hotel no es solo un hotel: es una experiencia, un refugio y un destino en s\u00ed mismo. Reserve su estancia hoy mismo y descubra por qu\u00e9 los viajeros vuelven una y otra vez a esta joya escondida en el coraz\u00f3n de la metr\u00f3polis m\u00e1s din\u00e1mica de China.<\/p><div class=\"my-2\">\u00a0<\/div><p><em>Perfecto para: viajeros de negocios, parejas, amantes del lujo y turistas que exploran los lugares emblem\u00e1ticos de Shangh\u00e1i. Metro m\u00e1s cercano: L\u00ednea 2, estaci\u00f3n Lujiazui. A 15 minutos del Aeropuerto Internacional de Pudong.<\/em><\/p>\t\t\t\t\t\t\t\t<\/div>\n\t\t\t\t\t<\/div>\n\t\t<\/div>\n\t\t\t\t\t<\/div>\n\t\t<\/section>\n\t\t\t\t<section class=\"elementor-section elementor-top-section elementor-element elementor-element-2092b7d0 elementor-section-stretched elementor-section-boxed elementor-section-gap-beside-yes elementor-section-height-default elementor-section-height-default elementor-section-column-vertical-align-stretch\" data-id=\"2092b7d0\" data-element_type=\"section\" data-e-type=\"section\" data-settings=\"{&quot;background_background&quot;:&quot;classic&quot;,&quot;stretch_section&quot;:&quot;section-stretched&quot;}\">\n\t\t\t\t\t\t<div class=\"elementor-container elementor-column-gap-extended\">\n\t\t\t\t\t<div class=\"elementor-column elementor-col-100 elementor-top-column elementor-element elementor-element-be69d75\" data-id=\"be69d75\" data-element_type=\"column\" data-e-type=\"column\">\n\t\t\t<div class=\"elementor-widget-wrap elementor-element-populated\">\n\t\t\t\t\t\t<div class=\"elementor-element elementor-element-320c022 elementor-widget elementor-widget-nuss-heading\" data-id=\"320c022\" data-element_type=\"widget\" data-e-type=\"widget\" data-widget_type=\"nuss-heading.default\">\n\t\t\t\t<div class=\"elementor-widget-container\">\n\t\t\t\t\t\t\t<div class=\"nuss-modern-heading\">\r\n\t\t\t\t\t\t<div class=\"heading-secondary-wrap\">\r\n\t\t\t\t<h3 class=\"heading-secondary elementor-heading-title\">Consultar disponibilidad <\/h3>\t\t\t<\/div>\r\n\t\t\r\n\t\t\t\r\n\t\t\t\r\n\t\t\t\t\t<\/div>\r\n\t\t\t\t\t<\/div>\n\t\t\t\t<\/div>\n\t\t\t\t<div class=\"elementor-element elementor-element-cafba93 elementor-widget elementor-widget-text-editor\" data-id=\"cafba93\" data-element_type=\"widget\" data-e-type=\"widget\" data-widget_type=\"text-editor.default\">\n\t\t\t\t\t\t\t\t\t<iframe border=\"0\" src=\"https:\/\/www.trip.com\/partners\/ad\/S5506622?Allianceid=4590391&#038;SID=261329356&#038;trip_sub1=\" style=\"width:900px;height:200px\" frameborder=\"0\" scrolling=\"no\" id=\"S5506622\"><\/iframe>\t\t\t\t\t\t\t\t<\/div>\n\t\t\t\t\t<\/div>\n\t\t<\/div>\n\t\t\t\t\t<\/div>\n\t\t<\/section>\n\t\t\t\t<\/div>","protected":false},"excerpt":{"rendered":"<p>The Eton Hotel Shanghai: Where Urban Elegance Meets Riverside Serenity Nestled in the pulsating heart of Shanghai\u2019s modern marvel\u2014Pudong\u2019s Lujiazui financial district\u2014The Eton Hotel Shanghai redefines luxury hospitality with understated elegance, impeccable service, and breathtaking views of the Huangpu River and the iconic skyline. Located at No. 535 Pudong Avenue, just minutes from the Oriental [&hellip;]<\/p>\n","protected":false},"author":1,"featured_media":0,"parent":0,"menu_order":0,"comment_status":"closed","ping_status":"closed","template":"","meta":{"footnotes":""},"class_list":["post-5266","page","type-page","status-publish","hentry","post-no-thumbnail"],"_links":{"self":[{"href":"https:\/\/etonhotelshanghai.com\/es\/wp-json\/wp\/v2\/pages\/5266","targetHints":{"allow":["GET"]}}],"collection":[{"href":"https:\/\/etonhotelshanghai.com\/es\/wp-json\/wp\/v2\/pages"}],"about":[{"href":"https:\/\/etonhotelshanghai.com\/es\/wp-json\/wp\/v2\/types\/page"}],"author":[{"embeddable":true,"href":"https:\/\/etonhotelshanghai.com\/es\/wp-json\/wp\/v2\/users\/1"}],"replies":[{"embeddable":true,"href":"https:\/\/etonhotelshanghai.com\/es\/wp-json\/wp\/v2\/comments?post=5266"}],"version-history":[{"count":0,"href":"https:\/\/etonhotelshanghai.com\/es\/wp-json\/wp\/v2\/pages\/5266\/revisions"}],"wp:attachment":[{"href":"https:\/\/etonhotelshanghai.com\/es\/wp-json\/wp\/v2\/media?parent=5266"}],"curies":[{"name":"wp","href":"https:\/\/api.w.org\/{rel}","templated":true}]}}