{"id":2106,"date":"2021-03-25T04:08:26","date_gmt":"2021-03-25T04:08:26","guid":{"rendered":"http:\/\/localhost\/nuss\/?page_id=298"},"modified":"2025-09-22T07:10:32","modified_gmt":"2025-09-22T07:10:32","slug":"experiencias","status":"publish","type":"page","link":"https:\/\/etonhotelshanghai.com\/es\/experiences\/","title":{"rendered":"Experiencias y rese\u00f1as de clientes"},"content":{"rendered":"<div data-elementor-type=\"wp-page\" data-elementor-id=\"2106\" class=\"elementor elementor-2106\">\n\t\t\t\t\t\t<section class=\"elementor-section elementor-top-section elementor-element elementor-element-1954ffc elementor-section-boxed elementor-section-gap-beside-yes elementor-section-height-default elementor-section-height-default elementor-section-column-vertical-align-stretch\" data-id=\"1954ffc\" data-element_type=\"section\" data-e-type=\"section\">\n\t\t\t\t\t\t<div class=\"elementor-container elementor-column-gap-extended\">\n\t\t\t\t\t<div class=\"elementor-column elementor-col-100 elementor-top-column elementor-element elementor-element-86aebc5\" data-id=\"86aebc5\" data-element_type=\"column\" data-e-type=\"column\">\n\t\t\t<div class=\"elementor-widget-wrap elementor-element-populated\">\n\t\t\t\t\t\t<div class=\"elementor-element elementor-element-11803d1 elementor-widget__width-initial elementor-invisible elementor-widget elementor-widget-text-editor\" data-id=\"11803d1\" data-element_type=\"widget\" data-e-type=\"widget\" data-settings=\"{&quot;_animation&quot;:&quot;nussFadeInUp&quot;}\" data-widget_type=\"text-editor.default\">\n\t\t\t\t\t\t\t\t\t<p data-spm-anchor-id=\"a2ty_o01.29997173.0.i32.326ec921X6ADvz\">Descubra por qu\u00e9 viajeros de todo el mundo clasifican constantemente al Eton Hotel Shanghai entre los mejores hoteles boutique de Pudong, donde el lujo no solo se promete, sino que se siente profundamente. Ubicado en el n.\u00b0 535 de la avenida Pudong, este \u00edntimo santuario de 4,5 estrellas ha sido elogiado en TripAdvisor y Trip.com por su inigualable combinaci\u00f3n de sofisticaci\u00f3n discreta, servicio personalizado e impresionantes vistas al r\u00edo.<\/p>\t\t\t\t\t\t\t\t<\/div>\n\t\t\t\t\t<\/div>\n\t\t<\/div>\n\t\t\t\t\t<\/div>\n\t\t<\/section>\n\t\t<div class=\"elementor-element elementor-element-3e39171 e-flex e-con-boxed e-con e-parent\" data-id=\"3e39171\" data-element_type=\"container\" data-e-type=\"container\">\n\t\t\t\t\t<div class=\"e-con-inner\">\n\t\t\t\t<div class=\"elementor-element elementor-element-7761d0c elementor-widget elementor-widget-text-editor\" data-id=\"7761d0c\" data-element_type=\"widget\" data-e-type=\"widget\" data-widget_type=\"text-editor.default\">\n\t\t\t\t\t\t\t\t\t<p data-spm-anchor-id=\"a2ty_o01.29997173.0.i34.326ec921X6ADvz\">En <strong>TripAdvisor<\/strong>Los hu\u00e9spedes otorgan constantemente al Eton Hotel Shanghai una excelente calificaci\u00f3n de 4,7\/5, con m\u00e1s de 1200 rese\u00f1as verificadas que elogian su \u00abservicio discreto pero impecable\u00bb y su \u00abhotel que te hace sentir como en casa\u00bb. Un hu\u00e9sped del Reino Unido elogia: <em>Me he alojado en m\u00e1s de 50 hoteles en Asia, pero ninguno igualaba la atenci\u00f3n al detalle de este. El personal recordaba mi nombre, mi caf\u00e9 preferido e incluso me trajo una toalla caliente despu\u00e9s de un largo vuelo: \u00a1pura magia!<\/em> Otro viajero de Alemania destaca: <em>Me despert\u00e9 con el r\u00edo Huangpu brillando al amanecer desde mi balc\u00f3n. El silencio en mi habitaci\u00f3n, a pesar de estar a pasos del bullicio de Pudong, fue simplemente milagroso.<\/em><\/p><div class=\"my-2\">\u00a0<\/div><p>En <strong>Trip.com<\/strong>, donde m\u00e1s del 95% de hu\u00e9spedes dejan calificaciones de 5 estrellas, los visitantes celebran constantemente el &quot;registro sin esfuerzo&quot;, las &quot;camas ultrac\u00f3modas&quot; y el &quot;restaurante que eclipsa a muchos restaurantes de alta cocina independientes&quot;. Un viajero de negocios de Singapur escribe: <em>Recib\u00ed a todo mi equipo de Asia-Pac\u00edfico aqu\u00ed. La sala de juntas estaba impecable, el desayuno era gourmet y el conserje organiz\u00f3 un tour privado en rickshaw por el Bund. \u00a1Nuestros clientes todav\u00eda hablan de ello!<\/em> Mientras tanto, los reci\u00e9n casados australianos describen su estancia como <em>La combinaci\u00f3n perfecta de romance y refinamiento: iluminaci\u00f3n tenue, p\u00e9talos de rosa en la cama y una botella de champ\u00e1n de cortes\u00eda servida al anochecer. Lloramos al salir.<\/em><\/p><div class=\"my-2\">\u00a0<\/div><p>Lo que distingue a The Eton no es solo su ubicaci\u00f3n \u2014a pasos de los rascacielos de Lujiazui y a 5 minutos a pie de la estaci\u00f3n de metro de Lujiazui\u2014, sino su esencia. A diferencia de los hoteles de cadena que dependen de la automatizaci\u00f3n, The Eton se nutre de la conexi\u00f3n humana: personal que te saluda por tu nombre, personal de limpieza que deja notas escritas a mano y chefs que adaptan los platos a tus necesidades diet\u00e9ticas incluso antes de que lo pidas. El compromiso del hotel con la sostenibilidad \u2014botellas de vidrio reutilizables, productos de aseo ecol\u00f3gicos y cero pl\u00e1sticos de un solo uso\u2014 tambi\u00e9n ha sido elogiado por viajeros conscientes que buscan un lujo responsable.<\/p><div class=\"my-2\">\u00a0<\/div><p>Ya sea que viaje solo por negocios y busque tranquilidad entre reuniones, una pareja celebrando un acontecimiento importante o una familia explorando las maravillas de Shangh\u00e1i, el Hotel Eton le ofrece una experiencia que perdura mucho despu\u00e9s de su salida. Con excelentes rese\u00f1as en TripAdvisor y Trip.com, no es de extra\u00f1ar que m\u00e1s del 681% de los hu\u00e9spedes regresen o lo recomienden a sus amigos. No reserve solo un hotel. Reserve un recuerdo. Reserve en el Hotel Eton Shangh\u00e1i, donde cada detalle transmite excelencia y cada hu\u00e9sped se marcha no solo satisfecho... sino transformado.<\/p><div class=\"my-2\">\u00a0<\/div><p data-spm-anchor-id=\"a2ty_o01.29997173.0.i35.326ec921X6ADvz\"><em>#TheEtonHotelShanghai #BestBoutiqueHotelShanghai #TripAdvisorTopRated #Tripcom5StarHotel #PudongLuxuryStay #ShanghaiBusinessHotel #RomanticGetawayShanghai #TravelerApproved #ShanghaiHotelWithViews<\/em><\/p>\t\t\t\t\t\t\t\t<\/div>\n\t\t\t\t\t<\/div>\n\t\t\t\t<\/div>\n\t\t\t\t<section class=\"elementor-section elementor-top-section elementor-element elementor-element-58e3a40e elementor-section-stretched elementor-section-boxed elementor-section-gap-beside-yes elementor-section-height-default elementor-section-height-default elementor-section-column-vertical-align-stretch\" data-id=\"58e3a40e\" data-element_type=\"section\" data-e-type=\"section\" data-settings=\"{&quot;background_background&quot;:&quot;classic&quot;,&quot;stretch_section&quot;:&quot;section-stretched&quot;}\">\n\t\t\t\t\t\t<div class=\"elementor-container elementor-column-gap-extended\">\n\t\t\t\t\t<div class=\"elementor-column elementor-col-100 elementor-top-column elementor-element elementor-element-34ed30bd\" data-id=\"34ed30bd\" data-element_type=\"column\" data-e-type=\"column\">\n\t\t\t<div class=\"elementor-widget-wrap elementor-element-populated\">\n\t\t\t\t\t\t<div class=\"elementor-element elementor-element-779cbba elementor-widget elementor-widget-nuss-heading\" data-id=\"779cbba\" data-element_type=\"widget\" data-e-type=\"widget\" data-widget_type=\"nuss-heading.default\">\n\t\t\t\t<div class=\"elementor-widget-container\">\n\t\t\t\t\t\t\t<div class=\"nuss-modern-heading\">\r\n\t\t\t\t\t\t<div class=\"heading-secondary-wrap\">\r\n\t\t\t\t<h3 class=\"heading-secondary elementor-heading-title\">Consultar disponibilidad <\/h3>\t\t\t<\/div>\r\n\t\t\r\n\t\t\t\r\n\t\t\t\r\n\t\t\t\t\t<\/div>\r\n\t\t\t\t\t<\/div>\n\t\t\t\t<\/div>\n\t\t\t\t<div class=\"elementor-element elementor-element-65e726c0 elementor-widget elementor-widget-text-editor\" data-id=\"65e726c0\" data-element_type=\"widget\" data-e-type=\"widget\" data-widget_type=\"text-editor.default\">\n\t\t\t\t\t\t\t\t\t<iframe border=\"0\" src=\"https:\/\/www.trip.com\/partners\/ad\/S5506622?Allianceid=4590391&#038;SID=261329356&#038;trip_sub1=\" style=\"width:900px;height:200px\" frameborder=\"0\" scrolling=\"no\" id=\"S5506622\"><\/iframe>\t\t\t\t\t\t\t\t<\/div>\n\t\t\t\t\t<\/div>\n\t\t<\/div>\n\t\t\t\t\t<\/div>\n\t\t<\/section>\n\t\t\t\t<\/div>","protected":false},"excerpt":{"rendered":"<p>Discover why travelers from around the globe consistently rank The Eton Hotel Shanghai among the top boutique hotels in Pudong\u2014where luxury isn\u2019t just promised, it\u2019s profoundly felt. Nestled at No. 535 Pudong Avenue, this intimate 4.5-star sanctuary has earned glowing acclaim across TripAdvisor and Trip.com for its unmatched blend of quiet sophistication, personalized service, and [&hellip;]<\/p>\n","protected":false},"author":1,"featured_media":0,"parent":0,"menu_order":0,"comment_status":"closed","ping_status":"closed","template":"","meta":{"footnotes":""},"class_list":["post-2106","page","type-page","status-publish","hentry","post-no-thumbnail"],"_links":{"self":[{"href":"https:\/\/etonhotelshanghai.com\/es\/wp-json\/wp\/v2\/pages\/2106","targetHints":{"allow":["GET"]}}],"collection":[{"href":"https:\/\/etonhotelshanghai.com\/es\/wp-json\/wp\/v2\/pages"}],"about":[{"href":"https:\/\/etonhotelshanghai.com\/es\/wp-json\/wp\/v2\/types\/page"}],"author":[{"embeddable":true,"href":"https:\/\/etonhotelshanghai.com\/es\/wp-json\/wp\/v2\/users\/1"}],"replies":[{"embeddable":true,"href":"https:\/\/etonhotelshanghai.com\/es\/wp-json\/wp\/v2\/comments?post=2106"}],"version-history":[{"count":0,"href":"https:\/\/etonhotelshanghai.com\/es\/wp-json\/wp\/v2\/pages\/2106\/revisions"}],"wp:attachment":[{"href":"https:\/\/etonhotelshanghai.com\/es\/wp-json\/wp\/v2\/media?parent=2106"}],"curies":[{"name":"wp","href":"https:\/\/api.w.org\/{rel}","templated":true}]}}