{"id":647,"date":"2021-03-29T02:13:52","date_gmt":"2021-03-29T02:13:52","guid":{"rendered":"http:\/\/localhost\/nuss\/?page_id=647"},"modified":"2025-09-22T11:46:36","modified_gmt":"2025-09-22T11:46:36","slug":"dienstleistungen","status":"publish","type":"page","link":"https:\/\/etonhotelshanghai.com\/de\/services\/","title":{"rendered":"Leistungen"},"content":{"rendered":"<div data-elementor-type=\"wp-page\" data-elementor-id=\"647\" class=\"elementor elementor-647\">\n\t\t\t\t\t\t<section class=\"elementor-section elementor-top-section elementor-element elementor-element-3353bc8 elementor-section-boxed elementor-section-gap-beside-yes elementor-section-height-default elementor-section-height-default elementor-section-column-vertical-align-stretch\" data-id=\"3353bc8\" data-element_type=\"section\" data-e-type=\"section\">\n\t\t\t\t\t\t<div class=\"elementor-container elementor-column-gap-extended\">\n\t\t\t\t\t<div class=\"elementor-column elementor-col-100 elementor-top-column elementor-element elementor-element-0a2bc64\" data-id=\"0a2bc64\" data-element_type=\"column\" data-e-type=\"column\">\n\t\t\t<div class=\"elementor-widget-wrap elementor-element-populated\">\n\t\t\t\t\t\t<div class=\"elementor-element elementor-element-447e3ef elementor-widget__width-initial elementor-invisible elementor-widget elementor-widget-text-editor\" data-id=\"447e3ef\" data-element_type=\"widget\" data-e-type=\"widget\" data-settings=\"{&quot;_animation&quot;:&quot;nussFadeInUp&quot;}\" data-widget_type=\"text-editor.default\">\n\t\t\t\t\t\t\t\t\t<p><strong data-spm-anchor-id=\"a2ty_o01.29997173.0.i55.326ec921X6ADvz\">Wo Dienst nicht geleistet wird, bleibt er in Erinnerung<\/strong><\/p>\t\t\t\t\t\t\t\t<\/div>\n\t\t\t\t\t<\/div>\n\t\t<\/div>\n\t\t\t\t\t<\/div>\n\t\t<\/section>\n\t\t<div class=\"elementor-element elementor-element-dc990bc e-flex e-con-boxed e-con e-parent\" data-id=\"dc990bc\" data-element_type=\"container\" data-e-type=\"container\">\n\t\t\t\t\t<div class=\"e-con-inner\">\n\t\t\t\t<div class=\"elementor-element elementor-element-16e5d25 elementor-widget elementor-widget-nuss-image-gallery\" data-id=\"16e5d25\" data-element_type=\"widget\" data-e-type=\"widget\" data-widget_type=\"nuss-image-gallery.default\">\n\t\t\t\t<div class=\"elementor-widget-container\">\n\t\t\t\t\t\t\t<div class=\"nuss-grid-wrapper\" data-grid=\"{&quot;type&quot;:&quot;grid&quot;,&quot;ratio&quot;:null,&quot;columns&quot;:3,&quot;gutter&quot;:30}\">\r\n\t\t\t<div class=\"nuss-grid lazy-grid\">\r\n\t\t\t\t<div class=\"grid-sizer\"><\/div>\r\n\r\n\t\t\t\t\t\t\t\t\t\t\t\t<div class=\"grid-item\">\r\n\t\t\t\t\t\t<div class=\"nuss-box\">\t\t<div class=\"nuss-image image\">\r\n\t\t\t<img decoding=\"async\"  src=\"https:\/\/etonhotelshanghai.com\/wp-content\/uploads\/2025\/09\/etonhotelshanghai-81.webp\" alt=\"etonhotelshanghai (81)\" \/>\t\t<\/div>\r\n\t\t\t\t<\/div>\t\t\t\t\t<\/div>\r\n\t\t\t\t\t\t<div class=\"grid-item\">\r\n\t\t\t\t\t\t<div class=\"nuss-box\">\t\t<div class=\"nuss-image image\">\r\n\t\t\t<img decoding=\"async\"  src=\"https:\/\/etonhotelshanghai.com\/wp-content\/uploads\/2025\/09\/etonhotelshanghai-67.webp\" alt=\"etonhotelshanghai (67)\" \/>\t\t<\/div>\r\n\t\t\t\t<\/div>\t\t\t\t\t<\/div>\r\n\t\t\t\t\t\t<div class=\"grid-item\">\r\n\t\t\t\t\t\t<div class=\"nuss-box\">\t\t<div class=\"nuss-image image\">\r\n\t\t\t<img decoding=\"async\"  src=\"https:\/\/etonhotelshanghai.com\/wp-content\/uploads\/2025\/09\/etonhotelshanghai-66.webp\" alt=\"etonhotelshanghai (66)\" \/>\t\t<\/div>\r\n\t\t\t\t<\/div>\t\t\t\t\t<\/div>\r\n\t\t\t\t\t\t<div class=\"grid-item\">\r\n\t\t\t\t\t\t<div class=\"nuss-box\">\t\t<div class=\"nuss-image image\">\r\n\t\t\t<img decoding=\"async\"  src=\"https:\/\/etonhotelshanghai.com\/wp-content\/uploads\/2025\/09\/etonhotelshanghai-62.webp\" alt=\"etonhotelshanghai (62)\" \/>\t\t<\/div>\r\n\t\t\t\t<\/div>\t\t\t\t\t<\/div>\r\n\t\t\t\t\t\t<div class=\"grid-item\">\r\n\t\t\t\t\t\t<div class=\"nuss-box\">\t\t<div class=\"nuss-image image\">\r\n\t\t\t<img decoding=\"async\"  src=\"https:\/\/etonhotelshanghai.com\/wp-content\/uploads\/2025\/09\/etonhotelshanghai-60.webp\" alt=\"etonhotelshanghai (60)\" \/>\t\t<\/div>\r\n\t\t\t\t<\/div>\t\t\t\t\t<\/div>\r\n\t\t\t\t\t\t<div class=\"grid-item\">\r\n\t\t\t\t\t\t<div class=\"nuss-box\">\t\t<div class=\"nuss-image image\">\r\n\t\t\t<img decoding=\"async\"  src=\"https:\/\/etonhotelshanghai.com\/wp-content\/uploads\/2025\/09\/etonhotelshanghai-55.webp\" alt=\"etonhotelshanghai (55)\" \/>\t\t<\/div>\r\n\t\t\t\t<\/div>\t\t\t\t\t<\/div>\r\n\t\t\t\t\t\t<div class=\"grid-item\">\r\n\t\t\t\t\t\t<div class=\"nuss-box\">\t\t<div class=\"nuss-image image\">\r\n\t\t\t<img decoding=\"async\"  src=\"https:\/\/etonhotelshanghai.com\/wp-content\/uploads\/2025\/09\/etonhotelshanghai-56.webp\" alt=\"etonhotelshanghai (56)\" \/>\t\t<\/div>\r\n\t\t\t\t<\/div>\t\t\t\t\t<\/div>\r\n\t\t\t\t\t\t<div class=\"grid-item\">\r\n\t\t\t\t\t\t<div class=\"nuss-box\">\t\t<div class=\"nuss-image image\">\r\n\t\t\t<img decoding=\"async\"  src=\"https:\/\/etonhotelshanghai.com\/wp-content\/uploads\/2025\/09\/etonhotelshanghai-58.webp\" alt=\"etonhotelshanghai (58)\" \/>\t\t<\/div>\r\n\t\t\t\t<\/div>\t\t\t\t\t<\/div>\r\n\t\t\t\t\t\t<div class=\"grid-item\">\r\n\t\t\t\t\t\t<div class=\"nuss-box\">\t\t<div class=\"nuss-image image\">\r\n\t\t\t<img decoding=\"async\"  src=\"https:\/\/etonhotelshanghai.com\/wp-content\/uploads\/2025\/09\/etonhotelshanghai-61.webp\" alt=\"etonhotelshanghai (61)\" \/>\t\t<\/div>\r\n\t\t\t\t<\/div>\t\t\t\t\t<\/div>\r\n\t\t\t\t\t\t<div class=\"grid-item\">\r\n\t\t\t\t\t\t<div class=\"nuss-box\">\t\t<div class=\"nuss-image image\">\r\n\t\t\t<img decoding=\"async\"  src=\"https:\/\/etonhotelshanghai.com\/wp-content\/uploads\/2025\/09\/etonhotelshanghai-30.webp\" alt=\"etonhotelshanghai (30)\" \/>\t\t<\/div>\r\n\t\t\t\t<\/div>\t\t\t\t\t<\/div>\r\n\t\t\t\t\t\t<div class=\"grid-item\">\r\n\t\t\t\t\t\t<div class=\"nuss-box\">\t\t<div class=\"nuss-image image\">\r\n\t\t\t<img decoding=\"async\"  src=\"https:\/\/etonhotelshanghai.com\/wp-content\/uploads\/2025\/09\/etonhotelshanghai-22.webp\" alt=\"etonhotelshanghai (22)\" \/>\t\t<\/div>\r\n\t\t\t\t<\/div>\t\t\t\t\t<\/div>\r\n\t\t\t\t\t\t<div class=\"grid-item\">\r\n\t\t\t\t\t\t<div class=\"nuss-box\">\t\t<div class=\"nuss-image image\">\r\n\t\t\t<img decoding=\"async\"  src=\"https:\/\/etonhotelshanghai.com\/wp-content\/uploads\/2025\/09\/etonhotelshanghai-10.webp\" alt=\"etonhotelshanghai (10)\" \/>\t\t<\/div>\r\n\t\t\t\t<\/div>\t\t\t\t\t<\/div>\r\n\t\t\t\t\t\t\t\r\n\t\t\t<\/div>\r\n\t\t<\/div>\r\n\t\t\t\t\t\t<\/div>\n\t\t\t\t<\/div>\n\t\t\t\t\t<\/div>\n\t\t\t\t<\/div>\n\t\t<div class=\"elementor-element elementor-element-76953f7 e-flex e-con-boxed e-con e-parent\" data-id=\"76953f7\" data-element_type=\"container\" data-e-type=\"container\">\n\t\t\t\t\t<div class=\"e-con-inner\">\n\t\t\t\t<div class=\"elementor-element elementor-element-2f32cd6 elementor-widget elementor-widget-text-editor\" data-id=\"2f32cd6\" data-element_type=\"widget\" data-e-type=\"widget\" data-widget_type=\"text-editor.default\">\n\t\t\t\t\t\t\t\t\t<p>Im Eton Hotel Shanghai, Pudong Avenue Nr. 535, im pulsierenden Herzen von Pudong, ist Service keine Abteilung \u2013 er ist eine Philosophie. Er wird nicht in Reaktionszeiten oder Checklisten gemessen, sondern in den ruhigen Momenten, die noch lange nach dem Check-out nachklingen: die handschriftliche Notiz auf Ihrem Kissen, der Tee, der genau nach Ihren W\u00fcnschen gebr\u00fcht wird, bevor Sie \u00fcberhaupt danach fragen, der Concierge, der sich an den Lieblingssnack Ihres Kindes erinnert und ihn bei Ihrer Ankunft in Ihrem Zimmer bereith\u00e4lt.<\/p><p>Dies ist keine Gastfreundschaft, wie sie \u00fcblicherweise praktiziert wird. Dies ist <em>intuitive Eleganz<\/em>\u2013 eine seltene, fast vergessene Kunst, die \u00fcber Jahre hinweg von einem Team verfeinert wurde, das nicht nur im Protokoll, sondern auch in der Pr\u00e4senz geschult war.<\/p><p>Von dem Moment an, in dem Sie ankommen, sind Sie nicht nur ein Gast \u2013 Sie sind eine Geschichte, an der wir teilhaben d\u00fcrfen.<\/p><div class=\"py-2 my-3\"><hr \/><\/div><p>###<strong>Vorausschauende Exzellenz: Der Eton-Unterschied<\/strong><\/p><p>Unser Servicemodell basiert auf einem einzigen, radikalen Prinzip: <em>Wenn Sie fragen m\u00fcssen: Wir haben bereits versagt.<\/em><br \/>Wir warten nicht auf Anfragen \u2013 wir beobachten, h\u00f6ren zu und antizipieren.<\/p><p>Unser <strong>Pers\u00f6nliches Concierge-Team rund um die Uhr<\/strong>\u2014 spricht flie\u00dfend Mandarin, Englisch, Japanisch und Franz\u00f6sisch \u2014 macht mehr, als nur Tische oder Taxis zu reservieren. Sie organisieren Erlebnisse. Sie brauchen eine private Rikscha-Tour entlang des Bundes zur goldenen Stunde? Kein Problem. Sie m\u00f6chten einen lokalen Kalligrafen f\u00fcr eine Privatstunde in einem jahrhundertealten Studio hinter der Nanjing Road treffen? Kein Problem. Sie suchen eine seltene Flasche Ch\u00e2teau Margaux von 1982 f\u00fcr eine Feier? Besorgt, gek\u00fchlt und mit einer handschriftlichen Verkostungsnotiz unseres Sommeliers \u00fcberreicht.<\/p><p>Unser <strong>Butler-Service<\/strong>, verf\u00fcgbar in Executive Zimmern und Suiten, ist kein Luxus-Add-on \u2013 es ist eine nahtlose Erweiterung Ihres Rhythmus. Ihr Butler klopft nicht. Er erscheint \u2013 gerade als Sie nach Ihrer Jacke greifen, gerade als Ihr Kaffee abk\u00fchlt, gerade als Sie nach einem langen Tag ersch\u00f6pft seufzen. Er kennt Ihren Zeitplan, bevor Sie es tun. Er faltet Ihre Kleidung mit der Pr\u00e4zision eines Museumskurators. Er legt eine einzelne Rose auf Ihren Nachttisch, wenn Sie sp\u00e4t nach Hause kommen \u2013 nicht, weil es erwartet wird, sondern weil er bemerkt hat, dass Sie drei Tage am St\u00fcck gearbeitet haben.<\/p><div class=\"py-2 my-3\"><hr \/><\/div><p>###<strong>Jenseits des Zimmers: Eine Symphonie durchdachter Details<\/strong><\/p><p><strong>Morgenrituale<\/strong><br \/>Jeder Tag beginnt mit einer sorgf\u00e4ltig ausgew\u00e4hlten Auswahl: einem stillen Weckruf mit Vogelgezwitscher oder einem sanften Glockenspiel mit einem Tablett mit frischem Litschi- und Jasmintee. Das Fr\u00fchst\u00fcck wird auf feinem Porzellan mit zu Lotusblumen gefalteten Leinenservietten serviert. Als Stammgast ist Ihre bevorzugte Kaffeemischung \u2013 ob sortenreiner Yirgacheffe oder dunkle R\u00f6stung aus Fujian \u2013 bereits fertig, ohne dass Sie etwas bestellen m\u00fcssen.<\/p><p><strong>Das ruhige Spa-Erlebnis<\/strong><br \/>Unser Eton Spa, eingebettet in eine sonnendurchflutete Ecke mit Blick auf den Huangpu, ist kein Behandlungszentrum \u2013 es ist ein R\u00fcckzugsort. Bei jeder Massage kommen individuell zusammengestellte \u00d6le mit regionalen Pflanzenextrakten zum Einsatz: Gei\u00dfblatt aus Hangzhou, Kamelie aus Yunnan, Bambuskohle aus Fujian. Unsere Therapeuten sind sowohl in der thail\u00e4ndischen als auch in der Shiatsu-Tradition ausgebildet, lernen aber auch Ihre Atemmuster kennen. Eine Kundin, die sich von einer Operation erholte, erhielt eine 90-min\u00fctige \u201eStille Heilung\u201c-Sitzung \u2013 ohne Musik, ohne Gespr\u00e4che, nur warme Steine und Stille. Sechs Monate sp\u00e4ter kam sie zur\u00fcck, um sich bei uns zu bedanken. \u201eIch habe endlich wieder geschlafen\u201c, sagte sie.<\/p><p><strong>Nahtloser Business-Support<\/strong><br \/>F\u00fcr den Gesch\u00e4ftsreisenden: unsere <strong>Executive Business Suite<\/strong> bietet mehr als WLAN und Drucker. Es bietet Ruhe. Schallisolierte W\u00e4nde. Ein engagierter \u201eCorporate Concierge\u201c, der sich um alles k\u00fcmmert, von der Last-Minute-Visa-Unterst\u00fctzung bis zur Organisation eines privaten Helikoptertransfers nach Hangzhou. Ben\u00f6tigen Sie einen juristischen \u00dcbersetzer f\u00fcr einen Vertrag? Einen Drucker, der Dokumente wie eine Anwaltskanzlei binden kann? Einen privaten Sitzungssaal mit Live-Video\u00fcbertragung nach Tokio? Erledigt. Bevor Sie Ihren Kaffee ausgetrunken haben.<\/p><p><strong>Familienpflege, mit Herz konzipiert<\/strong><br \/>Familien sind kein nachtr\u00e4glicher Gedanke \u2013 sie werden gesch\u00e4tzt. Unsere <strong>Little Eton-Programm<\/strong> Das Hotel bietet mit Bio-Baumwolle gef\u00fctterte Kinderbetten, Badem\u00e4ntel in Kindergr\u00f6\u00dfe, eine Mini-Speisekarte mit gesunden, lustigen Gerichten (zum Beispiel pandaf\u00f6rmige Teigtaschen und Mango-Joghurt-Eis am Stiel) und einen kuratierten \u201eEntdeckungsrucksack\u201c mit Shanghai-Puzzles, Postkarten von lokalen K\u00fcnstlern und einer Schnitzeljagd entlang des Bunds. Unsere Mitarbeiter hinterlassen an Geburtstagen sogar einen Pl\u00fcschpanda im Zimmer \u2013 signiert vom gesamten Team.<\/p><p><strong>Kulturelles Eintauchen, speziell f\u00fcr Sie zusammengestellt<\/strong><br \/>Wir geben Ihnen keine Karte. Wir geben Ihnen eine Erinnerung.<br \/>M\u00f6chten Sie von einer 78-j\u00e4hrigen Gro\u00dfmutter in einer traditionellen Gasse Shanghais lernen, wie man Teigtaschen faltet? Wir organisieren das.<br \/>Tr\u00e4umen Sie von einer privaten Bootsfahrt im Laternenlicht auf dem Suzhou Creek in der Abendd\u00e4mmerung? Wir mieten das Boot, den Musiker und den Teemeister.<br \/>Suchen Sie ein verstecktes Teehaus in der franz\u00f6sischen Konzession, das nur Einheimische kennen? Unser Kulturbotschafter begleitet Sie dorthin und stellt Ihnen den Besitzer vor.<\/p><div class=\"py-2 my-3\"><hr \/><\/div><p>###<strong>Das Unsichtbare: Die Details, die den Unterschied ausmachen<\/strong><\/p><ul dir=\"auto\"><li><strong>Ihr Lieblingsbuch?<\/strong> Wir haben in der Lobby ein Regal mit den Titeln, die Sie beil\u00e4ufig erw\u00e4hnt haben.<\/li><li><strong>Ein vergessenes Ladeger\u00e4t?<\/strong> Wir haben alle Typen \u2013 USB-C, Lightning, MagSafe \u2013 in der Lobby bereit, ohne Fragen zu stellen.<\/li><li><strong>Ein besonderer Anlass?<\/strong> Wir schicken Ihnen nicht einfach nur Champagner. Wir verfassen ein Gedicht in chinesischer Kalligrafie und haben es gerahmt, wenn Sie vom Abendessen zur\u00fcckkommen.<\/li><li><strong>Hei\u00dfhunger sp\u00e4t in der Nacht?<\/strong> Unser 24-Stunden-Zimmerservice-Men\u00fc umfasst warme Fr\u00fchlingszwiebelpfannkuchen, Auberginen mit Miso-Glasur und sogar einen \u201eMidnight Masala Tea\u201c, der mit Kardamom und Safran gebr\u00fcht wird.<\/li><li><strong>Ein verlorener Gegenstand?<\/strong> Wir schicken es nicht einfach zur\u00fcck. Wir fotografieren es, reinigen es, verpacken es in Seide und liefern es mit einer Schleife und einer Notiz: <em>\u201eWir wussten, dass Ihnen das fehlen w\u00fcrde.\u201c<\/em><\/li><\/ul><div class=\"py-2 my-3\"><hr \/><\/div><p>###<strong>Nachhaltigkeit als Dienstleistung<\/strong><\/p><p>Im Eton geht der Service \u00fcber den Gast hinaus \u2013 er ehrt den Planeten.<br \/>Unsere Bettw\u00e4sche wird in kaltem Wasser mit Waschmitteln auf Pflanzenbasis gewaschen.<br \/>Unser Wasser wird gefiltert und in wiederverwendbare Glasflaschen abgef\u00fcllt.<br \/>Unsere Mitarbeiter tragen Uniformen aus recyceltem Meeresplastik.<br \/>Wir arbeiten mit lokalen NGOs zusammen, um f\u00fcr jeweils 100 gebuchte N\u00e4chte einen Baum zu pflanzen.<br \/>Wir verwenden keine Plastikstrohhalme. Wir verwenden Schilfstrohhalme, die von Frauenkooperativen in Zhejiang geerntet werden.<\/p><p>Das ist kein Marketing. Das ist moralische Verantwortung. Und unsere G\u00e4ste merken das.<br \/><em>\u201eIch habe in F\u00fcnf-Sterne-Hotels in Paris, Tokio und New York \u00fcbernachtet.\u201c<\/em> schrieb ein Gast auf Trip.com. <em>\u201eAber das Eton ist das erste, in dem ich das Gef\u00fchl hatte, Teil von etwas Freundlicherem zu sein.\u201c<\/em><\/p><div class=\"py-2 my-3\"><hr \/><\/div><p>###<strong>Das Erbe des Dienstes<\/strong><\/p><p>Wir bilden unsere Mitarbeiter nicht zu Effizienz aus.<br \/>Wir erziehen sie zu Menschen.<\/p><p>Unsere Teammitglieder bleiben jahrelang bei uns \u2013 nicht, weil die Bezahlung hoch ist, sondern weil sie sich auch gesehen f\u00fchlen.<br \/>Sie werden ermutigt, ihre Geschichten, ihre Tr\u00e4ume und ihre Kunst zu teilen.<br \/>Eine Haush\u00e4lterin, eine zweifache Mutter aus Sichuan, begann, zarte Aquarelle der D\u00e4cher Shanghais zu malen.<br \/>Wir haben sie im Flur aufgeh\u00e4ngt.<br \/>Jetzt kaufen G\u00e4ste sie als Souvenirs.<br \/>Wir geben ihr 50% des Erl\u00f6ses.<\/p><p>Das ist keine Gastfreundschaft.<br \/>Dies ist <strong>Herzarbeit<\/strong>.<\/p><p>Im Eton Hotel Shanghai bedienen wir keine G\u00e4ste.<br \/>Wir <strong>Leertaste gedr\u00fcckt halten<\/strong> f\u00fcr sie.<\/p><p>Wir beantworten keine Fragen.<br \/>Wir <em>H\u00f6ren<\/em> zu dem, was unausgesprochen ist.<\/p><p>Wir bieten keine Annehmlichkeiten an.<br \/>Wir bieten <em>Zugeh\u00f6rigkeit<\/em>.<\/p><p>Wenn Sie gehen, werden Sie sich nicht an das Zimmer erinnern.<br \/>Sie werden sich so erinnern, wie sich jemand an Sie erinnert hat.<\/p><p>Und das \u2026 ist der einzige Service, der sich lohnt.<\/p><p>\u2014<\/p><p data-spm-anchor-id=\"a2ty_o01.29997173.0.i57.326ec921X6ADvz\"><em>Das Eton Hotel Shanghai \u2013 wo jede Geste beabsichtigt ist, jedes Detail heilig ist und jeder Gast nicht nur zufrieden, sondern verwandelt abreist.<\/em><br \/><em>Nr. 535 Pudong Avenue, Pudong New Area, Shanghai, 200120, China<\/em><br \/><em>Rund um die Uhr ge\u00f6ffnet. Immer ein offenes Ohr.<\/em><\/p>\t\t\t\t\t\t\t\t<\/div>\n\t\t\t\t\t<\/div>\n\t\t\t\t<\/div>\n\t\t\t\t<section class=\"elementor-section elementor-top-section elementor-element elementor-element-3b4998bb elementor-section-stretched elementor-section-boxed elementor-section-gap-beside-yes elementor-section-height-default elementor-section-height-default elementor-section-column-vertical-align-stretch\" data-id=\"3b4998bb\" data-element_type=\"section\" data-e-type=\"section\" data-settings=\"{&quot;background_background&quot;:&quot;classic&quot;,&quot;stretch_section&quot;:&quot;section-stretched&quot;}\">\n\t\t\t\t\t\t<div class=\"elementor-container elementor-column-gap-extended\">\n\t\t\t\t\t<div class=\"elementor-column elementor-col-100 elementor-top-column elementor-element elementor-element-52279244\" data-id=\"52279244\" data-element_type=\"column\" data-e-type=\"column\">\n\t\t\t<div class=\"elementor-widget-wrap elementor-element-populated\">\n\t\t\t\t\t\t<div class=\"elementor-element elementor-element-4bae295 elementor-widget elementor-widget-nuss-heading\" data-id=\"4bae295\" data-element_type=\"widget\" data-e-type=\"widget\" data-widget_type=\"nuss-heading.default\">\n\t\t\t\t<div class=\"elementor-widget-container\">\n\t\t\t\t\t\t\t<div class=\"nuss-modern-heading\">\r\n\t\t\t\t\t\t<div class=\"heading-secondary-wrap\">\r\n\t\t\t\t<h3 class=\"heading-secondary elementor-heading-title\">Verf\u00fcgbarkeit pr\u00fcfen <\/h3>\t\t\t<\/div>\r\n\t\t\r\n\t\t\t\r\n\t\t\t\r\n\t\t\t\t\t<\/div>\r\n\t\t\t\t\t<\/div>\n\t\t\t\t<\/div>\n\t\t\t\t<div class=\"elementor-element elementor-element-77fc35bb elementor-widget elementor-widget-text-editor\" data-id=\"77fc35bb\" data-element_type=\"widget\" data-e-type=\"widget\" data-widget_type=\"text-editor.default\">\n\t\t\t\t\t\t\t\t\t<iframe border=\"0\" src=\"https:\/\/www.trip.com\/partners\/ad\/S5506622?Allianceid=4590391&#038;SID=261329356&#038;trip_sub1=\" style=\"width:900px;height:200px\" frameborder=\"0\" scrolling=\"no\" id=\"S5506622\"><\/iframe>\t\t\t\t\t\t\t\t<\/div>\n\t\t\t\t\t<\/div>\n\t\t<\/div>\n\t\t\t\t\t<\/div>\n\t\t<\/section>\n\t\t\t\t<\/div>","protected":false},"excerpt":{"rendered":"<p>Where Service Is Not Rendered\u2014It Is Remembered At The Eton Hotel Shanghai, located at No. 535 Pudong Avenue in the pulsing heart of Pudong, service is not a department\u2014it is a philosophy. It is not measured in response times or checklists, but in the quiet moments that linger long after checkout: the handwritten note left [&hellip;]<\/p>\n","protected":false},"author":1,"featured_media":0,"parent":0,"menu_order":0,"comment_status":"closed","ping_status":"closed","template":"","meta":{"footnotes":""},"class_list":["post-647","page","type-page","status-publish","hentry","post-no-thumbnail"],"_links":{"self":[{"href":"https:\/\/etonhotelshanghai.com\/de\/wp-json\/wp\/v2\/pages\/647","targetHints":{"allow":["GET"]}}],"collection":[{"href":"https:\/\/etonhotelshanghai.com\/de\/wp-json\/wp\/v2\/pages"}],"about":[{"href":"https:\/\/etonhotelshanghai.com\/de\/wp-json\/wp\/v2\/types\/page"}],"author":[{"embeddable":true,"href":"https:\/\/etonhotelshanghai.com\/de\/wp-json\/wp\/v2\/users\/1"}],"replies":[{"embeddable":true,"href":"https:\/\/etonhotelshanghai.com\/de\/wp-json\/wp\/v2\/comments?post=647"}],"version-history":[{"count":0,"href":"https:\/\/etonhotelshanghai.com\/de\/wp-json\/wp\/v2\/pages\/647\/revisions"}],"wp:attachment":[{"href":"https:\/\/etonhotelshanghai.com\/de\/wp-json\/wp\/v2\/media?parent=647"}],"curies":[{"name":"wp","href":"https:\/\/api.w.org\/{rel}","templated":true}]}}