{"id":2106,"date":"2021-03-25T04:08:26","date_gmt":"2021-03-25T04:08:26","guid":{"rendered":"http:\/\/localhost\/nuss\/?page_id=298"},"modified":"2025-09-22T07:10:32","modified_gmt":"2025-09-22T07:10:32","slug":"erlebnisse","status":"publish","type":"page","link":"https:\/\/etonhotelshanghai.com\/de\/experiences\/","title":{"rendered":"Kundenerfahrungen und Bewertungen"},"content":{"rendered":"<div data-elementor-type=\"wp-page\" data-elementor-id=\"2106\" class=\"elementor elementor-2106\">\n\t\t\t\t\t\t<section class=\"elementor-section elementor-top-section elementor-element elementor-element-1954ffc elementor-section-boxed elementor-section-gap-beside-yes elementor-section-height-default elementor-section-height-default elementor-section-column-vertical-align-stretch\" data-id=\"1954ffc\" data-element_type=\"section\" data-e-type=\"section\">\n\t\t\t\t\t\t<div class=\"elementor-container elementor-column-gap-extended\">\n\t\t\t\t\t<div class=\"elementor-column elementor-col-100 elementor-top-column elementor-element elementor-element-86aebc5\" data-id=\"86aebc5\" data-element_type=\"column\" data-e-type=\"column\">\n\t\t\t<div class=\"elementor-widget-wrap elementor-element-populated\">\n\t\t\t\t\t\t<div class=\"elementor-element elementor-element-11803d1 elementor-widget__width-initial elementor-invisible elementor-widget elementor-widget-text-editor\" data-id=\"11803d1\" data-element_type=\"widget\" data-e-type=\"widget\" data-settings=\"{&quot;_animation&quot;:&quot;nussFadeInUp&quot;}\" data-widget_type=\"text-editor.default\">\n\t\t\t\t\t\t\t\t\t<p data-spm-anchor-id=\"a2ty_o01.29997173.0.i32.326ec921X6ADvz\">Entdecken Sie, warum Reisende aus aller Welt das Eton Hotel Shanghai regelm\u00e4\u00dfig zu den besten Boutique-Hotels in Pudong z\u00e4hlen \u2013 hier wird Luxus nicht nur versprochen, sondern auch sp\u00fcrbar. Dieses gem\u00fctliche 4,5-Sterne-Hotel in der Pudong Avenue Nr. 535 hat auf TripAdvisor und Trip.com f\u00fcr seine un\u00fcbertroffene Kombination aus ruhiger Eleganz, pers\u00f6nlichem Service und atemberaubendem Blick auf den Fluss begeisterte Anerkennung gefunden.<\/p>\t\t\t\t\t\t\t\t<\/div>\n\t\t\t\t\t<\/div>\n\t\t<\/div>\n\t\t\t\t\t<\/div>\n\t\t<\/section>\n\t\t<div class=\"elementor-element elementor-element-3e39171 e-flex e-con-boxed e-con e-parent\" data-id=\"3e39171\" data-element_type=\"container\" data-e-type=\"container\">\n\t\t\t\t\t<div class=\"e-con-inner\">\n\t\t\t\t<div class=\"elementor-element elementor-element-7761d0c elementor-widget elementor-widget-text-editor\" data-id=\"7761d0c\" data-element_type=\"widget\" data-e-type=\"widget\" data-widget_type=\"text-editor.default\">\n\t\t\t\t\t\t\t\t\t<p data-spm-anchor-id=\"a2ty_o01.29997173.0.i34.326ec921X6ADvz\">An <strong>TripAdvisor<\/strong>G\u00e4ste vergeben dem Eton Hotel Shanghai regelm\u00e4\u00dfig eine hervorragende Bewertung von 4,7\/5. \u00dcber 1.200 verifizierte Bewertungen loben den \u201eunaufdringlichen, aber tadellosen Service\u201c und das \u201eHotel, in dem man sich wie zu Hause f\u00fchlt\u201c. Ein Gast aus Gro\u00dfbritannien schw\u00e4rmt: <em>\u201eIch habe in \u00fcber 50 Hotels in ganz Asien \u00fcbernachtet, aber keines kam mit der Liebe zum Detail hier mit. Das Personal erinnerte sich an meinen Namen, meine Kaffeevorlieben und brachte mir nach einem langen Flug sogar ein warmes Handtuch \u2013 einfach magisch.\u201c<\/em> Ein weiterer Reisender aus Deutschland hebt hervor: <em>\u201eIch wachte auf und sah auf meinem Balkon den Huangpu-Fluss im Sonnenaufgang glitzern. Die Stille in meinem Zimmer, obwohl es nur wenige Schritte vom gesch\u00e4ftigen Treiben Pudongs entfernt war, war einfach wunderbar.\u201c<\/em><\/p><div class=\"my-2\">\u00a0<\/div><p>An <strong>Trip.com<\/strong>, wo \u00fcber 951.000 G\u00e4ste 5-Sterne-Bewertungen abgeben, loben die Besucher durchweg das \u201em\u00fchelose Einchecken\u201c, die \u201eultra-bequemen Betten\u201c und das \u201eRestaurant, das viele eigenst\u00e4ndige Gourmetrestaurants in den Schatten stellt\u201c. Ein Gesch\u00e4ftsreisender aus Singapur schreibt: <em>\u201eIch habe mein gesamtes Asien-Pazifik-Team hier empfangen. Der Sitzungssaal war makellos, das Fr\u00fchst\u00fccksbuffet war k\u00f6stlich und der Concierge organisierte eine private Rikscha-Tour entlang des Bundes \u2013 unsere Kunden sprechen immer noch davon!\u201c<\/em> Inzwischen beschreiben Hochzeitsreisende aus Australien ihren Aufenthalt als <em>\u201eDie perfekte Mischung aus Romantik und Eleganz \u2013 ged\u00e4mpftes Licht, Rosenbl\u00e4tter auf dem Bett und eine kostenlose Flasche Champagner bei Einbruch der Dunkelheit. Wir haben geweint, als wir auscheckten.\u201c<\/em><\/p><div class=\"my-2\">\u00a0<\/div><p>Was das Eton so besonders macht, ist nicht nur seine Lage \u2013 nur wenige Schritte von den Wolkenkratzern Lujiazuis und f\u00fcnf Gehminuten von der U-Bahn-Station Lujiazui entfernt \u2013, sondern auch seine Seele. Anders als Hotelketten, die auf Automatisierung setzen, lebt das Eton von menschlicher N\u00e4he: Mitarbeiter, die Sie mit Namen begr\u00fc\u00dfen, Zimmerm\u00e4dchen, die handschriftliche Notizen hinterlassen, und K\u00f6che, die Gerichte an Ihre Ern\u00e4hrungsbed\u00fcrfnisse anpassen, bevor Sie \u00fcberhaupt danach fragen. Das Engagement des Hotels f\u00fcr Nachhaltigkeit \u2013 wiederverwendbare Glasflaschen, umweltfreundliche Annehmlichkeiten und kein Einwegplastik \u2013 wird auch von bewussten Reisenden, die verantwortungsvollen Luxus suchen, gelobt.<\/p><div class=\"my-2\">\u00a0<\/div><p>Ob Sie als alleinreisender Gesch\u00e4ftsreisender zwischen zwei Meetings Ruhe suchen, als Paar einen wichtigen Meilenstein feiern oder als Familie die Wunder Shanghais erkunden \u2013 das Eton Hotel bietet ein Erlebnis, das noch lange nach dem Auschecken in Erinnerung bleibt. Mit durchweg erstklassigen Bewertungen auf TripAdvisor und Trip.com ist es keine \u00dcberraschung, dass \u00fcber 681.000 G\u00e4ste wiederkommen \u2013 oder es Freunden empfehlen. Buchen Sie nicht nur ein Hotel. Buchen Sie eine Erinnerung. Buchen Sie das Eton Hotel Shanghai \u2013 wo jedes Detail Exzellenz ausstrahlt und jeder Gast nicht nur zufrieden, sondern ver\u00e4ndert abreist.<\/p><div class=\"my-2\">\u00a0<\/div><p data-spm-anchor-id=\"a2ty_o01.29997173.0.i35.326ec921X6ADvz\"><em>#TheEtonHotelShanghai #BestBoutiqueHotelShanghai #TripAdvisorTopRated #Tripcom5StarHotel #PudongLuxuryStay #ShanghaiBusinessHotel #RomanticGetawayShanghai #TravelerApproved #ShanghaiHotelWithViews<\/em><\/p>\t\t\t\t\t\t\t\t<\/div>\n\t\t\t\t\t<\/div>\n\t\t\t\t<\/div>\n\t\t\t\t<section class=\"elementor-section elementor-top-section elementor-element elementor-element-58e3a40e elementor-section-stretched elementor-section-boxed elementor-section-gap-beside-yes elementor-section-height-default elementor-section-height-default elementor-section-column-vertical-align-stretch\" data-id=\"58e3a40e\" data-element_type=\"section\" data-e-type=\"section\" data-settings=\"{&quot;background_background&quot;:&quot;classic&quot;,&quot;stretch_section&quot;:&quot;section-stretched&quot;}\">\n\t\t\t\t\t\t<div class=\"elementor-container elementor-column-gap-extended\">\n\t\t\t\t\t<div class=\"elementor-column elementor-col-100 elementor-top-column elementor-element elementor-element-34ed30bd\" data-id=\"34ed30bd\" data-element_type=\"column\" data-e-type=\"column\">\n\t\t\t<div class=\"elementor-widget-wrap elementor-element-populated\">\n\t\t\t\t\t\t<div class=\"elementor-element elementor-element-779cbba elementor-widget elementor-widget-nuss-heading\" data-id=\"779cbba\" data-element_type=\"widget\" data-e-type=\"widget\" data-widget_type=\"nuss-heading.default\">\n\t\t\t\t<div class=\"elementor-widget-container\">\n\t\t\t\t\t\t\t<div class=\"nuss-modern-heading\">\r\n\t\t\t\t\t\t<div class=\"heading-secondary-wrap\">\r\n\t\t\t\t<h3 class=\"heading-secondary elementor-heading-title\">Verf\u00fcgbarkeit pr\u00fcfen <\/h3>\t\t\t<\/div>\r\n\t\t\r\n\t\t\t\r\n\t\t\t\r\n\t\t\t\t\t<\/div>\r\n\t\t\t\t\t<\/div>\n\t\t\t\t<\/div>\n\t\t\t\t<div class=\"elementor-element elementor-element-65e726c0 elementor-widget elementor-widget-text-editor\" data-id=\"65e726c0\" data-element_type=\"widget\" data-e-type=\"widget\" data-widget_type=\"text-editor.default\">\n\t\t\t\t\t\t\t\t\t<iframe border=\"0\" src=\"https:\/\/www.trip.com\/partners\/ad\/S5506622?Allianceid=4590391&#038;SID=261329356&#038;trip_sub1=\" style=\"width:900px;height:200px\" frameborder=\"0\" scrolling=\"no\" id=\"S5506622\"><\/iframe>\t\t\t\t\t\t\t\t<\/div>\n\t\t\t\t\t<\/div>\n\t\t<\/div>\n\t\t\t\t\t<\/div>\n\t\t<\/section>\n\t\t\t\t<\/div>","protected":false},"excerpt":{"rendered":"<p>Discover why travelers from around the globe consistently rank The Eton Hotel Shanghai among the top boutique hotels in Pudong\u2014where luxury isn\u2019t just promised, it\u2019s profoundly felt. Nestled at No. 535 Pudong Avenue, this intimate 4.5-star sanctuary has earned glowing acclaim across TripAdvisor and Trip.com for its unmatched blend of quiet sophistication, personalized service, and [&hellip;]<\/p>\n","protected":false},"author":1,"featured_media":0,"parent":0,"menu_order":0,"comment_status":"closed","ping_status":"closed","template":"","meta":{"footnotes":""},"class_list":["post-2106","page","type-page","status-publish","hentry","post-no-thumbnail"],"_links":{"self":[{"href":"https:\/\/etonhotelshanghai.com\/de\/wp-json\/wp\/v2\/pages\/2106","targetHints":{"allow":["GET"]}}],"collection":[{"href":"https:\/\/etonhotelshanghai.com\/de\/wp-json\/wp\/v2\/pages"}],"about":[{"href":"https:\/\/etonhotelshanghai.com\/de\/wp-json\/wp\/v2\/types\/page"}],"author":[{"embeddable":true,"href":"https:\/\/etonhotelshanghai.com\/de\/wp-json\/wp\/v2\/users\/1"}],"replies":[{"embeddable":true,"href":"https:\/\/etonhotelshanghai.com\/de\/wp-json\/wp\/v2\/comments?post=2106"}],"version-history":[{"count":0,"href":"https:\/\/etonhotelshanghai.com\/de\/wp-json\/wp\/v2\/pages\/2106\/revisions"}],"wp:attachment":[{"href":"https:\/\/etonhotelshanghai.com\/de\/wp-json\/wp\/v2\/media?parent=2106"}],"curies":[{"name":"wp","href":"https:\/\/api.w.org\/{rel}","templated":true}]}}